{"id":1461,"date":"2013-06-21T15:17:38","date_gmt":"2013-06-21T13:17:38","guid":{"rendered":"http:\/\/liseduclaux.be\/blog\/?page_id=1461"},"modified":"2022-11-23T13:03:55","modified_gmt":"2022-11-23T12:03:55","slug":"contact","status":"publish","type":"page","link":"https:\/\/liseduclaux.be\/blog\/?page_id=1461","title":{"rendered":"contact"},"content":{"rendered":"<p><strong>Lise Duclaux<\/strong><br \/>\n<a href=\"mailto:lise.duclaux@gmail.com\"><strong>lise.duclaux@gmail.com<\/strong><\/a><\/p>\n<div id=\"comp-j0krg8hd\" class=\"_2Hij5 _3bcaz\" data-testid=\"richTextElement\">\n<p class=\"font_0\"><span class=\"color_15\">Annie Gentils Gallery<br \/>\n<\/span><span class=\"color_15\">Peter Benoitstraat 40, 2018 Antwerpen, Be<\/span><br \/>\n<a href=\"mailto:mail@anniegentilsgallery.com\" target=\"_self\" rel=\"noopener\">mail@anniegentilsgallery.com<\/a><br \/>\n<a href=\"tel:0032477756721\">\u00a0+32 477 756 721<\/a><\/p>\n<\/div>\n<p><strong>\u00e9dition \u00e0 lire \u00e0 la loupe<\/strong><br \/>\nrue Gustave Schildknecht 33B10<br \/>\n1020 Bruxelles<br \/>\nBelgique<strong><br \/>\n<\/strong><a href=\"mailto:lise.duclaux@gmail.com\">lise.duclaux@gmail.com<\/a><strong><br \/>\n<\/strong><\/p>\n","protected":false},"excerpt":{"rendered":"<p>Lise Duclaux lise.duclaux@gmail.com Annie Gentils Gallery Peter Benoitstraat 40, 2018 Antwerpen, Be mail@anniegentilsgallery.com \u00a0+32 477 756 721 \u00e9dition \u00e0 lire \u00e0 la loupe rue Gustave Schildknecht 33B10 1020 Bruxelles Belgique lise.duclaux@gmail.com<\/p>\n","protected":false},"author":1,"featured_media":0,"parent":0,"menu_order":0,"comment_status":"closed","ping_status":"open","template":"","meta":{"footnotes":""},"_links":{"self":[{"href":"https:\/\/liseduclaux.be\/blog\/index.php?rest_route=\/wp\/v2\/pages\/1461"}],"collection":[{"href":"https:\/\/liseduclaux.be\/blog\/index.php?rest_route=\/wp\/v2\/pages"}],"about":[{"href":"https:\/\/liseduclaux.be\/blog\/index.php?rest_route=\/wp\/v2\/types\/page"}],"author":[{"embeddable":true,"href":"https:\/\/liseduclaux.be\/blog\/index.php?rest_route=\/wp\/v2\/users\/1"}],"replies":[{"embeddable":true,"href":"https:\/\/liseduclaux.be\/blog\/index.php?rest_route=%2Fwp%2Fv2%2Fcomments&post=1461"}],"version-history":[{"count":26,"href":"https:\/\/liseduclaux.be\/blog\/index.php?rest_route=\/wp\/v2\/pages\/1461\/revisions"}],"predecessor-version":[{"id":5772,"href":"https:\/\/liseduclaux.be\/blog\/index.php?rest_route=\/wp\/v2\/pages\/1461\/revisions\/5772"}],"wp:attachment":[{"href":"https:\/\/liseduclaux.be\/blog\/index.php?rest_route=%2Fwp%2Fv2%2Fmedia&parent=1461"}],"curies":[{"name":"wp","href":"https:\/\/api.w.org\/{rel}","templated":true}]}}