{"id":4622,"date":"2023-01-07T07:21:00","date_gmt":"2023-01-07T06:21:00","guid":{"rendered":"http:\/\/liseduclaux.be\/blog\/?page_id=4622"},"modified":"2023-01-14T15:39:53","modified_gmt":"2023-01-14T14:39:53","slug":"pdf","status":"publish","type":"page","link":"https:\/\/liseduclaux.be\/blog\/?page_id=4622","title":{"rendered":"PDF"},"content":{"rendered":"\n<p><\/p>\n\n\n\n<p><a href=\"https:\/\/liseduclaux.be\/blog\/wp-content\/uploads\/2023\/01\/dossier_expo_2022_lise-duclauxNP.pdf\">dossier expositions: les pens\u00e9es submerg\u00e9es, dans le fourbi du monde, risquons tout, \u00e0 l'horizon profond, 2022<\/a><\/p>\n\n\n\n<p><a href=\"https:\/\/liseduclaux.be\/blog\/wp-content\/uploads\/2023\/01\/dossier-lise-duclaux-quelques_performances_2022_NP.pdf\">performances: promenades de pas de porte, who're afraid of invasive plant, poempoenpoezie, c'est au plus pr\u00e9s de la mer 2022-2012<\/a><\/p>\n\n\n\n<p><a rel=\"noreferrer noopener\" href=\"https:\/\/liseduclaux.be\/blog\/wp-content\/uploads\/2023\/01\/dossier_observatoiredessimplesetdes_fous_copyright_liseduclaux.pdf\" target=\"_blank\">l\u2019observatoire des simples et des fous 2014-2017<\/a><\/p>\n\n\n\n<p><a rel=\"noreferrer noopener\" href=\"https:\/\/liseduclaux.be\/blog\/wp-content\/uploads\/2023\/01\/dossier_plantes de bruxelles_copyright_liseduclaux.pdf\" target=\"_blank\">plantes de bruxelles 2003-2019<\/a><\/p>\n\n\n\n<p><a href=\"https:\/\/liseduclaux.be\/blog\/wp-content\/uploads\/2023\/01\/DOSSIER-PRESENTATION_LISE-DUCLAUX_2017_fondation_salomon_copyright_liseduclaux.pdf\" target=\"_blank\" rel=\"noreferrer noopener\">dossier salomon foundation residency award 2017<\/a><\/p>\n\n\n\n<p><a href=\"https:\/\/liseduclaux.be\/blog\/wp-content\/uploads\/2023\/01\/je_t_entamponne_performance.pdf\" target=\"_blank\" rel=\"noreferrer noopener\">je t\u2019en tamponne surtout et pour rien, performance - rencontre, cr\u00e9ation Centre Pompidou-Metz, 2011<\/a><\/p>\n\n\n\n<p><a href=\"https:\/\/liseduclaux.be\/blog\/wp-content\/uploads\/2023\/01\/pdbxl_lam.pdf\" target=\"_blank\" rel=\"noreferrer noopener\">plantes de bruxelles, installation \/ performance-rencontre, habiter po\u00e9tiquement le monde, LaM - Lille m\u00e9tropole, Mus\u00e9e d\u2019Art Contemporain, d\u2019Art Moderne et d\u2019Art Brut, 2010-2011<\/a><\/p>\n\n\n\n<p><a href=\"https:\/\/liseduclaux.be\/blog\/wp-content\/uploads\/2023\/01\/la_recolte.pdf\" target=\"_blank\" rel=\"noreferrer noopener\">la r\u00e9colte, 3 ans dans la zone, MAC\u2019s - Mus\u00e9e des Arts Contemporains du Grand-Hornu, 2010<\/a><\/p>\n\n\n\n<p><a href=\"https:\/\/liseduclaux.be\/blog\/wp-content\/uploads\/2023\/01\/levagabonddesbourbourgeois_complet.pdf\" target=\"_blank\" rel=\"noreferrer noopener\">le vagabond,&nbsp;<em>pour un monde sensible<\/em>, des bourbourgeois ordinaires et extraordinaire - 2009\/10<\/a><\/p>\n\n\n\n<p><a href=\"https:\/\/liseduclaux.be\/blog\/wp-content\/uploads\/2023\/01\/rita_selc.pdf\" target=\"_blank\" rel=\"noreferrer noopener\">tentative d\u2019inventaire des habitants ordinaires et extraordinaires chez rita, en collaboration avec des habitants et des occupants<em>&nbsp;avec fautes d\u2019orthographes originales et v\u00e9ritables de l\u2019artiste&nbsp;<\/em>- 2009<\/a><\/p>\n\n\n\n<p><a href=\"https:\/\/liseduclaux.be\/blog\/wp-content\/uploads\/2023\/01\/plantedebxl_affichered.pdf\" target=\"_blank\" rel=\"noreferrer noopener\">plantes de bruxelles - affiches - 2008\/09<\/a><\/p>\n\n\n\n<p><a href=\"https:\/\/liseduclaux.be\/blog\/wp-content\/uploads\/2023\/01\/pdb_dijon.pdf\" target=\"_blank\" rel=\"noreferrer noopener\">plantes de bruxelles, faudra qu'on en discute demain matin - 2008<\/a><\/p>\n\n\n\n<p><a href=\"https:\/\/liseduclaux.be\/blog\/wp-content\/uploads\/2023\/01\/dupossible_07.pdf\" target=\"_blank\" rel=\"noreferrer noopener\">du possible, sinon j\u2019\u00e9touffe - 2007<\/a><\/p>\n\n\n\n<p><a href=\"https:\/\/liseduclaux.be\/blog\/wp-content\/uploads\/2023\/01\/pourlesplaies.pdf\" target=\"_blank\" rel=\"noreferrer noopener\">pour les plaies et les blessures, mais pas celles du c\u0153ur - 2006<\/a><\/p>\n\n\n\n<p><a href=\"https:\/\/liseduclaux.be\/blog\/wp-content\/uploads\/2023\/01\/plaques_emaillees.pdf\" target=\"_blank\" rel=\"noreferrer noopener\">y a de la place pour tout le monde, tiens bon - 2006<\/a><\/p>\n\n\n\n<p><a href=\"https:\/\/liseduclaux.be\/blog\/wp-content\/uploads\/2023\/01\/ddd2_dossier72.pdf\" target=\"_blank\" rel=\"noreferrer noopener\">danse, danse, danse tant que tu peux #2 - 2006<\/a><\/p>\n\n\n\n<p><a href=\"https:\/\/liseduclaux.be\/blog\/wp-content\/uploads\/2023\/01\/Sourire_de_poche.pdf\" target=\"_blank\" rel=\"noreferrer noopener\">sourire de poche - 2005<\/a><\/p>\n\n\n\n<p><a href=\"https:\/\/liseduclaux.be\/blog\/wp-content\/uploads\/2023\/01\/danse_dansefr.pdf\" target=\"_blank\" rel=\"noreferrer noopener\">danse, danse, danse tant que tu peux - 2005<\/a><\/p>\n\n\n\n<p><a href=\"https:\/\/liseduclaux.be\/blog\/wp-content\/uploads\/2023\/01\/sourire_bouture.pdf\" target=\"_blank\" rel=\"noreferrer noopener\">un sourire, une bouture - 2004<\/a><\/p>\n\n\n\n<p><a href=\"https:\/\/liseduclaux.be\/blog\/wp-content\/uploads\/2023\/01\/ccnoa.pdf\" target=\"_blank\" rel=\"noreferrer noopener\">tes cheveux dans mes yeux, wall paper - 2005<\/a><\/p>\n\n\n\n<p><a href=\"https:\/\/liseduclaux.be\/blog\/wp-content\/uploads\/2023\/01\/tes_cheveux.pdf\" target=\"_blank\" rel=\"noreferrer noopener\">tes cheveux dans mes yeux - 2004<\/a><\/p>\n\n\n\n<p><a href=\"https:\/\/liseduclaux.be\/blog\/wp-content\/uploads\/2023\/01\/Pougues_F.pdf\" target=\"_blank\" rel=\"noreferrer noopener\">Parc St L\u00e9ger-Centre d'Art Contemporain, Pougues-les-Eaux, 2003\/04<\/a><\/p>\n\n\n\n<p><a href=\"pdf\/du_possible_carte.pdf\" target=\"_blank\" rel=\"noreferrer noopener\">du possible sinon j\u2019\u00e9touffe - 2003\/04<\/a><\/p>\n\n\n\n<p><a href=\"https:\/\/liseduclaux.be\/blog\/wp-content\/uploads\/2023\/01\/bureaudepointage.pdf\" target=\"_blank\" rel=\"noreferrer noopener\">du possible sinon j\u2019\u00e9touffe - les papillons et les boutures - 2003<\/a><\/p>\n\n\n\n<p><a href=\"https:\/\/liseduclaux.be\/blog\/wp-content\/uploads\/2023\/01\/06LesPapillons72.pdf\" target=\"_blank\" rel=\"noreferrer noopener\">les papillons - 2002<\/a><\/p>\n\n\n\n<p><a href=\"https:\/\/liseduclaux.be\/blog\/wp-content\/uploads\/2023\/01\/LesMouches72.pdf\" target=\"_blank\" rel=\"noreferrer noopener\">les mouches - 2002<\/a><\/p>\n\n\n\n<p><a href=\"https:\/\/liseduclaux.be\/blog\/wp-content\/uploads\/2023\/01\/loveisfor.pdf\" target=\"_blank\" rel=\"noreferrer noopener\">love is for the birds - 2001<\/a>&nbsp;[21,5 MB]<\/p>\n\n\n\n<p><a href=\"https:\/\/liseduclaux.be\/blog\/wp-content\/uploads\/2023\/01\/04LikeAlice.pdf\" target=\"_blank\" rel=\"noreferrer noopener\">Like Alice\u2026 - 2001<\/a><\/p>\n\n\n\n<p><a href=\"https:\/\/liseduclaux.be\/blog\/wp-content\/uploads\/2023\/01\/03lesfemmes.pdf\" target=\"_blank\" rel=\"noreferrer noopener\">les femmes - 2001<\/a>&nbsp;[4,5 MB]<\/p>\n\n\n\n<p><a href=\"https:\/\/liseduclaux.be\/blog\/wp-content\/uploads\/2023\/01\/02PHOTO.pdf\" target=\"_blank\" rel=\"noreferrer noopener\">photographies 2000-2001<\/a><\/p>\n\n\n\n<p><a href=\"https:\/\/liseduclaux.be\/blog\/wp-content\/uploads\/2023\/01\/01_95_98.pdf\" target=\"_blank\" rel=\"noreferrer noopener\">photographies 1995-1998<\/a><\/p>\n\n\n\n<p><a href=\"https:\/\/liseduclaux.be\/blog\/wp-content\/uploads\/2023\/01\/00_photo1994.pdf\" data-type=\"URL\" target=\"_blank\" rel=\"noreferrer noopener\">photographies 1994<\/a><\/p>\n\n\n\n<h2 class=\"wp-block-heading\"><strong>Traces vid\u00e9o<\/strong>s<\/h2>\n\n\n\n<p><a href=\"http:\/\/liseduclaux.be\/lam.html\" target=\"_blank\" rel=\"noreferrer noopener\">plantes de bruxelles - habiter po\u00e9tiquement le monde - 2010\/11<\/a><a href=\"http:\/\/liseduclaux.be\/ddd09.html\" target=\"_blank\" rel=\"noreferrer noopener\"><br>danse, danse, danse tant que tu peux - 2009<br><\/a><a href=\"http:\/\/liseduclaux.be\/vernissage_dijon.html\" target=\"_blank\" rel=\"noreferrer noopener\">plantes de bruxelles - faudra qu'on en discute demain matin - 2008<\/a><\/p>\n\n\n\n<h2 class=\"wp-block-heading\"><strong>Site<\/strong><\/h2>\n\n\n\n<p><a href=\"http:\/\/liseduclaux.be\/greyzone\/\" target=\"_blank\" rel=\"noreferrer noopener\">Le vagabond,&nbsp;<em>pour un monde sensible<\/em>, 2 ou 3 choses about the inhabitants of the grey zone - 2010<\/a><\/p>\n","protected":false},"excerpt":{"rendered":"<p>dossier expositions: les pens\u00e9es submerg\u00e9es, dans le fourbi du monde, risquons tout, \u00e0 l'horizon profond, 2022 performances: promenades de pas de porte, who're afraid of invasive plant, poempoenpoezie, c'est au plus pr\u00e9s de la mer 2022-2012 l\u2019observatoire des simples et des fous 2014-2017 plantes de bruxelles 2003-2019 dossier salomon foundation residency award 2017 je t\u2019en [&hellip;]<\/p>\n","protected":false},"author":1,"featured_media":0,"parent":0,"menu_order":0,"comment_status":"closed","ping_status":"closed","template":"","meta":{"footnotes":""},"_links":{"self":[{"href":"https:\/\/liseduclaux.be\/blog\/index.php?rest_route=\/wp\/v2\/pages\/4622"}],"collection":[{"href":"https:\/\/liseduclaux.be\/blog\/index.php?rest_route=\/wp\/v2\/pages"}],"about":[{"href":"https:\/\/liseduclaux.be\/blog\/index.php?rest_route=\/wp\/v2\/types\/page"}],"author":[{"embeddable":true,"href":"https:\/\/liseduclaux.be\/blog\/index.php?rest_route=\/wp\/v2\/users\/1"}],"replies":[{"embeddable":true,"href":"https:\/\/liseduclaux.be\/blog\/index.php?rest_route=%2Fwp%2Fv2%2Fcomments&post=4622"}],"version-history":[{"count":22,"href":"https:\/\/liseduclaux.be\/blog\/index.php?rest_route=\/wp\/v2\/pages\/4622\/revisions"}],"predecessor-version":[{"id":5868,"href":"https:\/\/liseduclaux.be\/blog\/index.php?rest_route=\/wp\/v2\/pages\/4622\/revisions\/5868"}],"wp:attachment":[{"href":"https:\/\/liseduclaux.be\/blog\/index.php?rest_route=%2Fwp%2Fv2%2Fmedia&parent=4622"}],"curies":[{"name":"wp","href":"https:\/\/api.w.org\/{rel}","templated":true}]}}